{"id":6084,"date":"2025-01-15T09:02:13","date_gmt":"2025-01-15T00:02:13","guid":{"rendered":"https:\/\/www.l.u-tokyo.ac.jp\/futsubun\/?page_id=6084"},"modified":"2026-04-05T17:06:40","modified_gmt":"2026-04-05T08:06:40","slug":"class","status":"publish","type":"page","link":"https:\/\/www.l.u-tokyo.ac.jp\/futsubun\/class\/","title":{"rendered":"\u6388\u696d\u7d39\u4ecb"},"content":{"rendered":"\n<p class=\"has-text-align-center\">\u4eca\u5e74\u5ea6\u3001\u4ecf\u6587\u7814\u7a76\u5ba4\u306b\u3066\u958b\u8b1b\u3055\u308c\u3066\u3044\u308b\u6388\u696d\u306e\u30e9\u30a4\u30f3\u30ca\u30c3\u30d7\u3092\u63b2\u8f09\u3057\u3066\u3044\u307e\u3059\u3002<\/p>\n\n\n\n<p><\/p>\n\n\n\n<h3 class=\"wp-block-heading\">\u5869\u585a \u79c0\u4e00\u90ce<\/h3>\n\n\n\n<ul class=\"wp-block-list\">\n<li><strong>\u300e\u30ed\u30e9\u30f3\u30fb\u30d0\u30eb\u30c8\u306b\u3088\u308b\u30ed\u30e9\u30f3\u30fb\u30d0\u30eb\u30c8\u300f\u3092\u8aad\u3080<\/strong><br><span data-color=\"#fcb900\" style=\"background: linear-gradient(transparent 60%,rgba(252, 185, 0, 0.7) 0);\" class=\"vk_highlighter\">\u5b66\u90e8<\/span> <span data-color=\"#7bdcb5\" style=\"background: linear-gradient(transparent 60%,rgba(123, 220, 181, 0.7) 0);\" class=\"vk_highlighter\">S1\/S2<\/span>\u3000\u6708\u66dc2\u9650\u3000 \u30d5\u30e9\u30f3\u30b9\u8a9e\u5b66\u30d5\u30e9\u30f3\u30b9\u6587\u5b66\u6f14\u7fd2 I<\/li>\n\n\n\n<li><strong>\u30a8\u30eb\u30f4\u30a7\u30fb\u30eb\u30fb\u30c6\u30ea\u30a8\u300e\u7570\u5e38\uff08\u30a2\u30ce\u30de\u30ea\u30fc\uff09\u300f\u3092\u8aad\u3080<\/strong><br><span data-color=\"#fcb900\" style=\"background: linear-gradient(transparent 60%,rgba(252, 185, 0, 0.7) 0);\" class=\"vk_highlighter\">\u5b66\u90e8<\/span> <span data-color=\"#7bdcb5\" style=\"background: linear-gradient(transparent 60%,rgba(123, 220, 181, 0.7) 0);\" class=\"vk_highlighter\">S1\/S2<\/span>\u3000\u706b\u66dc3\u9650\u3000\u30d5\u30e9\u30f3\u30b9\u8a9e\u5b66\u30d5\u30e9\u30f3\u30b9\u6587\u5b66\u7279\u6b8a\u8b1b\u7fa9 I<\/li>\n\n\n\n<li><strong>\u7ffb\u8a33\u30a2\u30c8\u30ea\u30a8\uff1a\u30ec\u30fc\u30e2\u30f3\u30fb\u30af\u30ce\u30fc\u300e\u6587\u4f53\u7df4\u7fd2\u300f\u3092\u984c\u6750\u306b<\/strong><br><span data-color=\"#fcb900\" style=\"background: linear-gradient(transparent 60%,rgba(252, 185, 0, 0.7) 0);\" class=\"vk_highlighter\">\u5b66\u90e8<\/span> <span data-color=\"#f78da7\" style=\"background: linear-gradient(transparent 60%,rgba(247, 141, 167, 0.7) 0);\" class=\"vk_highlighter\">A1\/A2<\/span>\u3000\u6708\u66dc2\u9650\u3000\u30d5\u30e9\u30f3\u30b9\u8a9e\u5b66\u30d5\u30e9\u30f3\u30b9\u6587\u5b66\u6f14\u7fd2 VI<\/li>\n\n\n\n<li><strong>\u30d5\u30e9\u30f3\u30b9\u6587\u5b66\u53f2\u5165\u9580<\/strong><br><span data-color=\"#fcb900\" style=\"background: linear-gradient(transparent 60%,rgba(252, 185, 0, 0.7) 0);\" class=\"vk_highlighter\">\u5b66\u90e8<\/span> <span data-color=\"#f78da7\" style=\"background: linear-gradient(transparent 60%,rgba(247, 141, 167, 0.7) 0);\" class=\"vk_highlighter\">A1\/A2<\/span>\u3000\u706b\u66dc3\u9650\u3000\u30d5\u30e9\u30f3\u30b9\u6587\u5b66\u53f2\u6982\u8aac<\/li>\n\n\n\n<li><strong>\u30df\u30b7\u30a7\u30eb\u30fb\u30ec\u30ea\u30b9\u300e\u30d3\u30d5\u30e5\u30fc\u30eb\uff08\u62b9\u6d88\uff09\u300f\u3092\u8aad\u3080<\/strong><br><span data-color=\"#8ed1fc\" style=\"background: linear-gradient(transparent 60%,rgba(142, 209, 252, 0.7) 0);\" class=\"vk_highlighter\">\u5927\u5b66\u9662<\/span> <span data-color=\"#7bdcb5\" style=\"background: linear-gradient(transparent 60%,rgba(123, 220, 181, 0.7) 0);\" class=\"vk_highlighter\">S1\/S2<\/span>\u3000\u6708\u66dc3\u9650\u3000\u30d5\u30e9\u30f3\u30b9\u73fe\u4ee3\u6587\u5b66\u7814\u7a76 (1)<\/li>\n\n\n\n<li><strong>\u30a2\u30f3\u30c9\u30ec\u30fb\u30d6\u30eb\u30c8\u30f3\u300e\u30ca\u30b8\u30e3\u300f\u3092\u8aad\u3080<\/strong><br><span data-color=\"#8ed1fc\" style=\"background: linear-gradient(transparent 60%,rgba(142, 209, 252, 0.7) 0);\" class=\"vk_highlighter\">\u5927\u5b66\u9662<\/span> <span data-color=\"#f78da7\" style=\"background: linear-gradient(transparent 60%,rgba(247, 141, 167, 0.7) 0);\" class=\"vk_highlighter\">A1\/A2<\/span>\u3000\u6708\u66dc3\u9650\u3000\u30d5\u30e9\u30f3\u30b9\u73fe\u4ee3\u6587\u5b66\u7814\u7a76 (2)<\/li>\n<\/ul>\n\n\n\n<p><\/p>\n\n\n\n<h3 class=\"wp-block-heading\">\u738b\u5bfa \u8ce2\u592a<\/h3>\n\n\n\n<ul class=\"wp-block-list\">\n<li><strong>Michel Foucault, <em>La Question anthropologique<\/em>\u3092\u8aad\u3080<\/strong><br><span data-color=\"#fcb900\" style=\"background: linear-gradient(transparent 60%,rgba(252, 185, 0, 0.7) 0);\" class=\"vk_highlighter\">\u5b66\u90e8<\/span> <span data-color=\"#7bdcb5\" style=\"background: linear-gradient(transparent 60%,rgba(123, 220, 181, 0.7) 0);\" class=\"vk_highlighter\">S1\/S2<\/span>\u3000\u6c34\u66dc4\u9650\u3000\u30d5\u30e9\u30f3\u30b9\u8a9e\u5b66\u30d5\u30e9\u30f3\u30b9\u6587\u5b66\u7279\u6b8a\u8b1b\u7fa9 II<\/li>\n\n\n\n<li><strong>Diderot\/Raynal, <em>R\u00e9volution de l&#8217;Am\u00e9rique<\/em>\u3092\u8aad\u3080<\/strong><br><span data-color=\"#fcb900\" style=\"background: linear-gradient(transparent 60%,rgba(252, 185, 0, 0.7) 0);\" class=\"vk_highlighter\">\u5b66\u90e8<\/span> <span data-color=\"#7bdcb5\" style=\"background: linear-gradient(transparent 60%,rgba(123, 220, 181, 0.7) 0);\" class=\"vk_highlighter\">S1\/S2<\/span>\u3000\u91d1\u66dc3\u9650\u3000\u30d5\u30e9\u30f3\u30b9\u8a9e\u5b66\u30d5\u30e9\u30f3\u30b9\u6587\u5b66\u6f14\u7fd2 V<\/li>\n\n\n\n<li><strong>\u30dc\u30fc\u30f4\u30a9\u30ef\u30fc\u30eb\u300e\u7b2c\u4e8c\u306e\u6027\u300f\u3092\u8aad\u3080<\/strong><br><span data-color=\"#fcb900\" style=\"background: linear-gradient(transparent 60%,rgba(252, 185, 0, 0.7) 0);\" class=\"vk_highlighter\">\u5b66\u90e8<\/span> <span data-color=\"#f78da7\" style=\"background: linear-gradient(transparent 60%,rgba(247, 141, 167, 0.7) 0);\" class=\"vk_highlighter\">A1\/A2<\/span>\u3000\u6c34\u66dc4\u9650\u3000\u30d5\u30e9\u30f3\u30b9\u8a9e\u570f\u8a00\u8a9e\u6587\u5316\uff0f\u8fd1\u4ee3\u6587\u5b66\u7279\u6b8a\u8b1b\u7fa9IV<\/li>\n\n\n\n<li><strong>Marivaux,<em> La Vie de Marianne<\/em>\u3092\u8aad\u3080<\/strong><br><span data-color=\"#fcb900\" style=\"background: linear-gradient(transparent 60%,rgba(252, 185, 0, 0.7) 0);\" class=\"vk_highlighter\">\u5b66\u90e8<\/span> <span data-color=\"#f78da7\" style=\"background: linear-gradient(transparent 60%,rgba(247, 141, 167, 0.7) 0);\" class=\"vk_highlighter\">A1\/A2<\/span>\u3000\u91d1\u66dc3\u9650\u3000\u30d5\u30e9\u30f3\u30b9\u8a9e\u5b66\u30d5\u30e9\u30f3\u30b9\u6587\u5b66\u6f14\u7fd2 X<\/li>\n\n\n\n<li><strong>Montesquieu, <em>Lettres persanes<\/em>\u3092\u8aad\u3080(1)<\/strong><br><span data-color=\"#8ed1fc\" style=\"background: linear-gradient(transparent 60%,rgba(142, 209, 252, 0.7) 0);\" class=\"vk_highlighter\">\u5927\u5b66\u9662<\/span> <span data-color=\"#7bdcb5\" style=\"background: linear-gradient(transparent 60%,rgba(123, 220, 181, 0.7) 0);\" class=\"vk_highlighter\">S1\/S2<\/span>\u3000\u91d1\u66dc4\u9650\u3000\u8fd1\u4e16\u601d\u60f3\u30fb\u6587\u5b66\u7814\u7a76 (1)<\/li>\n\n\n\n<li><strong>Montesquieu, <em>Lettres persanes<\/em>\u3092\u8aad\u3080(2)<\/strong><br><span data-color=\"#8ed1fc\" style=\"background: linear-gradient(transparent 60%,rgba(142, 209, 252, 0.7) 0);\" class=\"vk_highlighter\">\u5927\u5b66\u9662<\/span> <span data-color=\"#f78da7\" style=\"background: linear-gradient(transparent 60%,rgba(247, 141, 167, 0.7) 0);\" class=\"vk_highlighter\">A1\/A2<\/span>\u3000\u91d1\u66dc4\u9650 \u3000\u8fd1\u4e16\u601d\u60f3\u30fb\u6587\u5b66\u7814\u7a76 (2)<\/li>\n<\/ul>\n\n\n\n<p><\/p>\n\n\n\n<h3 class=\"wp-block-heading\">\u9234\u6728 \u548c\u5f66<\/h3>\n\n\n\n<ul class=\"wp-block-list\">\n<li><strong>\u30e9\u30f3\u30dc\u30fc\u300e\u30a4\u30ea\u30e5\u30df\u30ca\u30b7\u30aa\u30f3\u300f\u3092\u8aad\u3080<\/strong><br><span data-color=\"#fcb900\" style=\"background: linear-gradient(transparent 60%,rgba(252, 185, 0, 0.7) 0);\" class=\"vk_highlighter\">\u5b66\u90e8<\/span> <span data-color=\"#7bdcb5\" style=\"background: linear-gradient(transparent 60%,rgba(123, 220, 181, 0.7) 0);\" class=\"vk_highlighter\">S1\/S2<\/span>\u3000\u706b\u66dc4\u9650\u3000\u30d5\u30e9\u30f3\u30b9\u8a9e\u5b66\u30d5\u30e9\u30f3\u30b9\u6587\u5b66\u6f14\u7fd2&nbsp;II<\/li>\n\n\n\n<li><strong>\u30d5\u30e9\u30f3\u30b9\u8a9e\u3067\u6f14\u5287\u3092\u4e0a\u6f14\u3059\u308b<\/strong><br><span data-color=\"#fcb900\" style=\"background: linear-gradient(transparent 60%,rgba(252, 185, 0, 0.7) 0);\" class=\"vk_highlighter\">\u5b66\u90e8<\/span> <span data-color=\"#7bdcb5\" style=\"background: linear-gradient(transparent 60%,rgba(123, 220, 181, 0.7) 0);\" class=\"vk_highlighter\">S1\/S2<\/span>\u3000\u6c34\u66dc5\u9650\u3000\u30d5\u30e9\u30f3\u30b9\u8a9e\u5b66\u30d5\u30e9\u30f3\u30b9\u6587\u5b66\u7279\u6b8a\u8b1b\u7fa9&nbsp;III<\/li>\n\n\n\n<li><strong>\u30de\u30e9\u30eb\u30e1\u306e\u97fb\u6587\u8a69\u3092\u8aad\u3080<\/strong><br><span data-color=\"#fcb900\" style=\"background: linear-gradient(transparent 60%,rgba(252, 185, 0, 0.7) 0);\" class=\"vk_highlighter\">\u5b66\u90e8<\/span> <span data-color=\"#f78da7\" style=\"background: linear-gradient(transparent 60%,rgba(247, 141, 167, 0.7) 0);\" class=\"vk_highlighter\">A1\/A2<\/span>\u3000\u706b\u66dc4\u9650\u3000\u30d5\u30e9\u30f3\u30b9\u8a9e\u5b66\u30d5\u30e9\u30f3\u30b9\u6587\u5b66\u6f14\u7fd2&nbsp;VII<\/li>\n\n\n\n<li><strong>\u30d5\u30e9\u30f3\u30b9\u8a9e\u3067\u6f14\u5287\u3092\u4e0a\u6f14\u3059\u308b<\/strong><br><span data-color=\"#fcb900\" style=\"background: linear-gradient(transparent 60%,rgba(252, 185, 0, 0.7) 0);\" class=\"vk_highlighter\">\u5b66\u90e8<\/span> <span data-color=\"#f78da7\" style=\"background: linear-gradient(transparent 60%,rgba(247, 141, 167, 0.7) 0);\" class=\"vk_highlighter\">A1\/A2<\/span>\u3000\u6c34\u66dc5\u9650\u3000\u30d5\u30e9\u30f3\u30b9\u8a9e\u5b66\u30d5\u30e9\u30f3\u30b9\u6587\u5b66\u7279\u6b8a\u8b1b\u7fa9&nbsp;VII<\/li>\n\n\n\n<li><strong>\u30b7\u30e3\u30c8\u30fc\u30d6\u30ea\u30a2\u30f3\u300e\u30e9\u30f3\u30bb\u306e\u751f\u6daf\u300f\u3092\u8aad\u3080<\/strong><br><span data-color=\"#8ed1fc\" style=\"background: linear-gradient(transparent 60%,rgba(142, 209, 252, 0.7) 0);\" class=\"vk_highlighter\">\u5927\u5b66\u9662<\/span> <span data-color=\"#7bdcb5\" style=\"background: linear-gradient(transparent 60%,rgba(123, 220, 181, 0.7) 0);\" class=\"vk_highlighter\">S1\/S2<\/span>\u3000\u706b\u66dc5\u9650\u3000\u8fd1\u4ee3\u6587\u5b66\u7814\u7a76 (1)<\/li>\n\n\n\n<li><strong>Annie Le Brun, <em>Ce qui n&#8217;a pas de prix<\/em>\u3092\u8aad\u3080<\/strong><br><span data-color=\"#8ed1fc\" style=\"background: linear-gradient(transparent 60%,rgba(142, 209, 252, 0.7) 0);\" class=\"vk_highlighter\">\u5927\u5b66\u9662<\/span> <span data-color=\"#f78da7\" style=\"background: linear-gradient(transparent 60%,rgba(247, 141, 167, 0.7) 0);\" class=\"vk_highlighter\">A1\/A2<\/span>\u3000\u706b\u66dc5\u9650\u3000\u8fd1\u4ee3\u6587\u5b66\u7814\u7a76 (2)<\/li>\n<\/ul>\n\n\n\n<h3 class=\"wp-block-heading\">Raoul DELEMAZURE<\/h3>\n\n\n\n<ul class=\"wp-block-list\">\n<li><strong>Pratique du fran\u00e7ais<\/strong><br><span data-color=\"#fcb900\" style=\"background: linear-gradient(transparent 60%,rgba(252, 185, 0, 0.7) 0);\" class=\"vk_highlighter\">\u5b66\u90e8<\/span> <span data-color=\"#7bdcb5\" style=\"background: linear-gradient(transparent 60%,rgba(123, 220, 181, 0.7) 0);\" class=\"vk_highlighter\">S1\/S2<\/span>\u3000\u6c34\u66dc2\u9650\u3000\u30d5\u30e9\u30f3\u30b9\u8a9e\u5b66\u30d5\u30e9\u30f3\u30b9\u6587\u5b66\u6f14\u7fd2 III<\/li>\n\n\n\n<li><strong>Nouvelles de Maupassant<\/strong><br><span data-color=\"#fcb900\" style=\"background: linear-gradient(transparent 60%,rgba(252, 185, 0, 0.7) 0);\" class=\"vk_highlighter\">\u5b66\u90e8<\/span> <span data-color=\"#7bdcb5\" style=\"background: linear-gradient(transparent 60%,rgba(123, 220, 181, 0.7) 0);\" class=\"vk_highlighter\">S1\/S2<\/span>\u3000\u6728\u66dc2\u9650\u3000\u30d5\u30e9\u30f3\u30b9\u8a9e\u5b66\u30d5\u30e9\u30f3\u30b9\u6587\u5b66\u6f14\u7fd2&nbsp;IV<\/li>\n\n\n\n<li><strong>Pratique du fran\u00e7ais<\/strong><br><span data-color=\"#fcb900\" style=\"background: linear-gradient(transparent 60%,rgba(252, 185, 0, 0.7) 0);\" class=\"vk_highlighter\">\u5b66\u90e8<\/span> <span data-color=\"#f78da7\" style=\"background: linear-gradient(transparent 60%,rgba(247, 141, 167, 0.7) 0);\" class=\"vk_highlighter\">A1\/A2<\/span>\u3000\u6c34\u66dc2\u9650\u3000\u30d5\u30e9\u30f3\u30b9\u8a9e\u5b66\u30d5\u30e9\u30f3\u30b9\u6587\u5b66\u6f14\u7fd2&nbsp;VIII<\/li>\n\n\n\n<li><strong>Kundera, <em>L&#8217;Insoutenable l\u00e9g\u00e8ret\u00e9 de l&#8217;\u00eatre<\/em> (1984)<\/strong><br><span data-color=\"#fcb900\" style=\"background: linear-gradient(transparent 60%,rgba(252, 185, 0, 0.7) 0);\" class=\"vk_highlighter\">\u5b66\u90e8<\/span> <span data-color=\"#f78da7\" style=\"background: linear-gradient(transparent 60%,rgba(247, 141, 167, 0.7) 0);\" class=\"vk_highlighter\">A1\/A2<\/span>\u3000\u6728\u66dc2\u9650\u3000\u30d5\u30e9\u30f3\u30b9\u8a9e\u5b66\u30d5\u30e9\u30f3\u30b9\u6587\u5b66\u6f14\u7fd2&nbsp;IX<\/li>\n\n\n\n<li><strong>Andr\u00e9 Gide, <em>Les Faux-Monnayeurs<\/em> (1925) et la question de la mise en abyme<\/strong><br><span data-color=\"#8ed1fc\" style=\"background: linear-gradient(transparent 60%,rgba(142, 209, 252, 0.7) 0);\" class=\"vk_highlighter\">\u5927\u5b66\u9662<\/span> <span data-color=\"#7bdcb5\" style=\"background: linear-gradient(transparent 60%,rgba(123, 220, 181, 0.7) 0);\" class=\"vk_highlighter\">S1\/S2<\/span>\u3000\u706b\u66dc4\u9650\u3000\u00c9tude de texte (1)<\/li>\n\n\n\n<li><strong>Pr\u00e9paration aux examens DELF \/ DALF<\/strong><br><span data-color=\"#8ed1fc\" style=\"background: linear-gradient(transparent 60%,rgba(142, 209, 252, 0.7) 0);\" class=\"vk_highlighter\">\u5927\u5b66\u9662<\/span> <span data-color=\"#7bdcb5\" style=\"background: linear-gradient(transparent 60%,rgba(123, 220, 181, 0.7) 0);\" class=\"vk_highlighter\">S1\/S2<\/span>\u3000\u6728\u66dc3\u9650\u3000Dissertation fran\u00e7aise (1) \/ R\u00e9daction de travaux universitaires (1)<\/li>\n\n\n\n<li><strong>Flaubert, <em>L&#8217;\u00c9ducation sentimentale<\/em> (1869)<\/strong><br><span data-color=\"#8ed1fc\" style=\"background: linear-gradient(transparent 60%,rgba(142, 209, 252, 0.7) 0);\" class=\"vk_highlighter\">\u5927\u5b66\u9662<\/span> <span data-color=\"#f78da7\" style=\"background: linear-gradient(transparent 60%,rgba(247, 141, 167, 0.7) 0);\" class=\"vk_highlighter\">A1\/A2<\/span>\u3000\u706b\u66dc4\u9650\u3000\u00c9tude de texte (2)<\/li>\n\n\n\n<li><strong>\u00c9criture acad\u00e9mique en fran\u00e7ais : travaux universitaires<\/strong><br><span data-color=\"#8ed1fc\" style=\"background: linear-gradient(transparent 60%,rgba(142, 209, 252, 0.7) 0);\" class=\"vk_highlighter\">\u5927\u5b66\u9662<\/span> <span data-color=\"#f78da7\" style=\"background: linear-gradient(transparent 60%,rgba(247, 141, 167, 0.7) 0);\" class=\"vk_highlighter\">A1\/A2<\/span>\u3000\u6728\u66dc3\u9650\u3000Dissertation fran\u00e7aise (2) \/ R\u00e9daction de travaux universitaires (2)<\/li>\n<\/ul>\n\n\n\n<h3 class=\"wp-block-heading\">\u6728\u5cf6 \u611b<\/h3>\n\n\n\n<ul class=\"wp-block-list\">\n<li><strong>\u30d5\u30e9\u30f3\u30b9\u8a9e\u5b66\/\u97f3\u58f0\u5b66\u30fb\u97f3\u97fb\u8ad6\u3092\u4e2d\u5fc3\u306b<\/strong><br><span data-color=\"#fcb900\" style=\"background: linear-gradient(transparent 60%,rgba(252, 185, 0, 0.7) 0);\" class=\"vk_highlighter\">\u5b66\u90e8<\/span> <span data-color=\"#8ed1fc\" style=\"background: linear-gradient(transparent 60%,rgba(142, 209, 252, 0.7) 0);\" class=\"vk_highlighter\">\u5927\u5b66\u9662<\/span> <span data-color=\"#7bdcb5\" style=\"background: linear-gradient(transparent 60%,rgba(123, 220, 181, 0.7) 0);\" class=\"vk_highlighter\">S1\/S2<\/span>\u3000\u6708\u66dc4\u9650\u3000\u30d5\u30e9\u30f3\u30b9\u8a9e\u5b66\u6982\u8ad6&nbsp;I<\/li>\n<\/ul>\n\n\n\n<p><\/p>\n\n\n\n<h3 class=\"wp-block-heading\">\u9ad8\u540d \u5eb7\u6587<\/h3>\n\n\n\n<ul class=\"wp-block-list\">\n<li><strong>\u53e4\u30d5\u30e9\u30f3\u30b9\u8a9e\u30fb\u6b74\u53f2\u8a00\u8a9e\u5b66\u30fb\u6587\u732e\u5b66\u5165\u9580<\/strong><br><span data-color=\"#fcb900\" style=\"background: linear-gradient(transparent 60%,rgba(252, 185, 0, 0.7) 0);\" class=\"vk_highlighter\">\u5b66\u90e8<\/span> <span data-color=\"#8ed1fc\" style=\"background: linear-gradient(transparent 60%,rgba(142, 209, 252, 0.7) 0);\" class=\"vk_highlighter\">\u5927\u5b66\u9662<\/span> <span data-color=\"#f78da7\" style=\"background: linear-gradient(transparent 60%,rgba(247, 141, 167, 0.7) 0);\" class=\"vk_highlighter\">A1\/A2<\/span>\u3000\u706b\u66dc2\u9650\u3000\u30d5\u30e9\u30f3\u30b9\u8a9e\u5b66\u30d5\u30e9\u30f3\u30b9\u6587\u5b66\u7279\u6b8a\u8b1b\u7fa9V\uff0f\u30d5\u30e9\u30f3\u30b9\u4e2d\u4e16\u306e\u8a00\u8a9e\u3068\u6587\u5316<\/li>\n<\/ul>\n\n\n\n<h3 class=\"wp-block-heading\">\u9234\u6728 \u96c5\u751f<\/h3>\n\n\n\n<ul class=\"wp-block-list\">\n<li><strong>\u30eb\u30fb\u30af\u30ec\u30b8\u30aa\u7814\u7a76<\/strong><br><span data-color=\"#fcb900\" style=\"background: linear-gradient(transparent 60%,rgba(252, 185, 0, 0.7) 0);\" class=\"vk_highlighter\">\u5b66\u90e8<\/span> <span data-color=\"#8ed1fc\" style=\"background: linear-gradient(transparent 60%,rgba(142, 209, 252, 0.7) 0);\" class=\"vk_highlighter\">\u5927\u5b66\u9662<\/span> <span data-color=\"#f78da7\" style=\"background: linear-gradient(transparent 60%,rgba(247, 141, 167, 0.7) 0);\" class=\"vk_highlighter\">A1\/A2<\/span>\u3000\u6708\u66dc4\u9650\u3000\u30d5\u30e9\u30f3\u30b9\u8a9e\u5b66\u30d5\u30e9\u30f3\u30b9\u6587\u5b66\u7279\u6b8a\u8b1b\u7fa9IV\uff0f20\u4e16\u7d00\u30d5\u30e9\u30f3\u30b9\u6587\u5b66<\/li>\n<\/ul>\n\n\n\n<h3 class=\"wp-block-heading\">\u6d5c\u6c38 \u548c\u5e0c<\/h3>\n\n\n\n<ul class=\"wp-block-list\">\n<li><strong>\u30e9\u30f3\u30dc\u30fc\u306e\u97fb\u6587\u8a69\u3092\u8aad\u3080<\/strong><br><span data-color=\"#fcb900\" style=\"background: linear-gradient(transparent 60%,rgba(252, 185, 0, 0.7) 0);\" class=\"vk_highlighter\">\u5b66\u90e8<\/span> <span data-color=\"#8ed1fc\" style=\"background: linear-gradient(transparent 60%,rgba(142, 209, 252, 0.7) 0);\" class=\"vk_highlighter\">\u5927\u5b66\u9662<\/span> <span data-color=\"#f78da7\" style=\"background: linear-gradient(transparent 60%,rgba(247, 141, 167, 0.7) 0);\" class=\"vk_highlighter\">A1\/A2<\/span>\u3000\u6c34\u66dc3\u9650\u3000\u30d5\u30e9\u30f3\u30b9\u8a9e\u5b66\u30d5\u30e9\u30f3\u30b9\u6587\u5b66\u7279\u6b8a\u8b1b\u7fa9VI\uff0f19\u4e16\u7d00\u30d5\u30e9\u30f3\u30b9\u8a69<\/li>\n<\/ul>\n\n\n\n<h3 class=\"wp-block-heading\">\u7560\u5c71 \u9999\u5948<\/h3>\n\n\n\n<ul class=\"wp-block-list\">\n<li><strong>\u30d5\u30e9\u30f3\u30b9\u8a9e\u524d\u671fI\uff0fII<\/strong><br><span data-color=\"#fcb900\" style=\"background: linear-gradient(transparent 60%,rgba(252, 185, 0, 0.7) 0);\" class=\"vk_highlighter\">\u5b66\u90e8<\/span>  <span data-color=\"#7bdcb5\" style=\"background: linear-gradient(transparent 60%,rgba(123, 220, 181, 0.7) 0);\" class=\"vk_highlighter\">S1\/S2<\/span> <span data-color=\"#f78da7\" style=\"background: linear-gradient(transparent 60%,rgba(247, 141, 167, 0.7) 0);\" class=\"vk_highlighter\">A1\/A2<\/span>\u3000\u706b\u66dc2\u9650\u3000\u30d5\u30e9\u30f3\u30b9\u8a9e\u524d\u671f<\/li>\n<\/ul>\n\n\n\n<h3 class=\"wp-block-heading\">\u5fd7\u3005\u898b \u525b<\/h3>\n\n\n\n<ul class=\"wp-block-list\">\n<li><strong>\u30eb\u30bd\u30fc\u300e\u4eba\u9593\u4e0d\u5e73\u7b49\u8d77\u6e90\u8ad6\u300f\u3092\u8aad\u3080<\/strong><br><span data-color=\"#fcb900\" style=\"background: linear-gradient(transparent 60%,rgba(252, 185, 0, 0.7) 0);\" class=\"vk_highlighter\">\u5b66\u90e8<\/span> <span data-color=\"#7bdcb5\" style=\"background: linear-gradient(transparent 60%,rgba(123, 220, 181, 0.7) 0);\" class=\"vk_highlighter\">S1\/S2<\/span> <span data-color=\"#f78da7\" style=\"background: linear-gradient(transparent 60%,rgba(247, 141, 167, 0.7) 0);\" class=\"vk_highlighter\">A1\/A2<\/span>\u3000\u6708\u66dc4\u9650\u3000\u30d5\u30e9\u30f3\u30b9\u8a9e\u5f8c\u671f<\/li>\n<\/ul>\n","protected":false},"excerpt":{"rendered":"<p>\u4eca\u5e74\u5ea6\u3001\u4ecf\u6587\u7814\u7a76\u5ba4\u306b\u3066\u958b\u8b1b\u3055\u308c\u3066\u3044\u308b\u6388\u696d\u306e\u30e9\u30a4\u30f3\u30ca\u30c3\u30d7\u3092\u63b2\u8f09\u3057\u3066\u3044\u307e\u3059\u3002 \u5869\u585a \u79c0\u4e00\u90ce \u738b\u5bfa \u8ce2\u592a \u9234\u6728 \u548c\u5f66 Raoul DELEMAZURE \u6728\u5cf6 \u611b \u9ad8\u540d \u5eb7\u6587 \u9234\u6728 \u96c5\u751f \u6d5c\u6c38 \u548c\u5e0c \u7560\u5c71 \u9999\u5948 \u5fd7\u3005\u898b \u525b<\/p>\n","protected":false},"author":1,"featured_media":0,"parent":0,"menu_order":0,"comment_status":"closed","ping_status":"closed","template":"","meta":{"vkexunit_cta_each_option":"","footnotes":""},"class_list":["post-6084","page","type-page","status-publish","hentry"],"_links":{"self":[{"href":"https:\/\/www.l.u-tokyo.ac.jp\/futsubun\/wp-json\/wp\/v2\/pages\/6084","targetHints":{"allow":["GET"]}}],"collection":[{"href":"https:\/\/www.l.u-tokyo.ac.jp\/futsubun\/wp-json\/wp\/v2\/pages"}],"about":[{"href":"https:\/\/www.l.u-tokyo.ac.jp\/futsubun\/wp-json\/wp\/v2\/types\/page"}],"author":[{"embeddable":true,"href":"https:\/\/www.l.u-tokyo.ac.jp\/futsubun\/wp-json\/wp\/v2\/users\/1"}],"replies":[{"embeddable":true,"href":"https:\/\/www.l.u-tokyo.ac.jp\/futsubun\/wp-json\/wp\/v2\/comments?post=6084"}],"version-history":[{"count":15,"href":"https:\/\/www.l.u-tokyo.ac.jp\/futsubun\/wp-json\/wp\/v2\/pages\/6084\/revisions"}],"predecessor-version":[{"id":8061,"href":"https:\/\/www.l.u-tokyo.ac.jp\/futsubun\/wp-json\/wp\/v2\/pages\/6084\/revisions\/8061"}],"wp:attachment":[{"href":"https:\/\/www.l.u-tokyo.ac.jp\/futsubun\/wp-json\/wp\/v2\/media?parent=6084"}],"curies":[{"name":"wp","href":"https:\/\/api.w.org\/{rel}","templated":true}]}}